{"id":198,"date":"2020-11-11T13:00:16","date_gmt":"2020-11-11T13:00:16","guid":{"rendered":"https:\/\/winandken.es\/home\/"},"modified":"2021-01-26T16:32:55","modified_gmt":"2021-01-26T16:32:55","slug":"home","status":"publish","type":"page","link":"https:\/\/winandken.es\/ca\/","title":{"rendered":"Home"},"content":{"rendered":"","protected":false},"excerpt":{"rendered":"","protected":false},"author":1,"featured_media":0,"parent":0,"menu_order":0,"comment_status":"closed","ping_status":"open","template":"home.php","meta":{"_acf_changed":false,"footnotes":""},"class_list":["post-198","page","type-page","status-publish","hentry"],"acf":[],"yoast_head":"\nWIN&KEN - Estudi de disseny gr\u00e0fic, amb m\u00e9s de 30 anys treballant com equip<\/title>\n<meta name=\"description\" content=\"Estudi de disseny gr\u00e0fic de Barcelona. Creem, desenvolupem, dissenyem, produ\u00efm i cuidem cada detall en tota mena de materials visuals.\" \/>\n<meta name=\"robots\" content=\"index, follow, max-snippet:-1, max-image-preview:large, max-video-preview:-1\" \/>\n<link rel=\"canonical\" href=\"https:\/\/winandken.es\/ca\/\" \/>\n<meta property=\"og:locale\" content=\"ca_ES\" \/>\n<meta property=\"og:type\" content=\"article\" \/>\n<meta property=\"og:title\" content=\"WIN&KEN - Estudi de disseny gr\u00e0fic, amb m\u00e9s de 30 anys treballant com equip\" \/>\n<meta property=\"og:description\" content=\"Estudi de disseny gr\u00e0fic de Barcelona. Creem, desenvolupem, dissenyem, produ\u00efm i cuidem cada detall en tota mena de materials visuals.\" \/>\n<meta property=\"og:url\" content=\"https:\/\/winandken.es\/ca\/\" \/>\n<meta property=\"og:site_name\" content=\"WIN&KEN\" \/>\n<meta property=\"article:modified_time\" content=\"2021-01-26T16:32:55+00:00\" \/>\n<meta name=\"twitter:card\" content=\"summary_large_image\" \/>\n<script type=\"application\/ld+json\" class=\"yoast-schema-graph\">{\"@context\":\"https:\\\/\\\/schema.org\",\"@graph\":[{\"@type\":\"WebPage\",\"@id\":\"https:\\\/\\\/winandken.es\\\/ca\\\/\",\"url\":\"https:\\\/\\\/winandken.es\\\/ca\\\/\",\"name\":\"WIN&KEN - Estudi de disseny gr\u00e0fic, amb m\u00e9s de 30 anys treballant com equip\",\"isPartOf\":{\"@id\":\"https:\\\/\\\/winandken.es\\\/ca\\\/#website\"},\"datePublished\":\"2020-11-11T13:00:16+00:00\",\"dateModified\":\"2021-01-26T16:32:55+00:00\",\"description\":\"Estudi de disseny gr\u00e0fic de Barcelona. Creem, desenvolupem, dissenyem, produ\u00efm i cuidem cada detall en tota mena de materials visuals.\",\"breadcrumb\":{\"@id\":\"https:\\\/\\\/winandken.es\\\/ca\\\/#breadcrumb\"},\"inLanguage\":\"ca\",\"potentialAction\":[{\"@type\":\"ReadAction\",\"target\":[\"https:\\\/\\\/winandken.es\\\/ca\\\/\"]}]},{\"@type\":\"BreadcrumbList\",\"@id\":\"https:\\\/\\\/winandken.es\\\/ca\\\/#breadcrumb\",\"itemListElement\":[{\"@type\":\"ListItem\",\"position\":1,\"name\":\"Portada\",\"item\":\"https:\\\/\\\/winandken.es\\\/ca\\\/home\\\/\"},{\"@type\":\"ListItem\",\"position\":2,\"name\":\"Home\"}]},{\"@type\":\"WebSite\",\"@id\":\"https:\\\/\\\/winandken.es\\\/ca\\\/#website\",\"url\":\"https:\\\/\\\/winandken.es\\\/ca\\\/\",\"name\":\"WIN&KEN\",\"description\":\"Estudi de disseny gr\u00e0fic, amb m\u00e9s de 30 anys treballant com equip\",\"potentialAction\":[{\"@type\":\"SearchAction\",\"target\":{\"@type\":\"EntryPoint\",\"urlTemplate\":\"https:\\\/\\\/winandken.es\\\/ca\\\/?s={search_term_string}\"},\"query-input\":{\"@type\":\"PropertyValueSpecification\",\"valueRequired\":true,\"valueName\":\"search_term_string\"}}],\"inLanguage\":\"ca\"}]}<\/script>\n<!-- \/ Yoast SEO plugin. -->","yoast_head_json":{"title":"WIN&KEN - Estudi de disseny gr\u00e0fic, amb m\u00e9s de 30 anys treballant com equip","description":"Estudi de disseny gr\u00e0fic de Barcelona. Creem, desenvolupem, dissenyem, produ\u00efm i cuidem cada detall en tota mena de materials visuals.","robots":{"index":"index","follow":"follow","max-snippet":"max-snippet:-1","max-image-preview":"max-image-preview:large","max-video-preview":"max-video-preview:-1"},"canonical":"https:\/\/winandken.es\/ca\/","og_locale":"ca_ES","og_type":"article","og_title":"WIN&KEN - Estudi de disseny gr\u00e0fic, amb m\u00e9s de 30 anys treballant com equip","og_description":"Estudi de disseny gr\u00e0fic de Barcelona. Creem, desenvolupem, dissenyem, produ\u00efm i cuidem cada detall en tota mena de materials visuals.","og_url":"https:\/\/winandken.es\/ca\/","og_site_name":"WIN&KEN","article_modified_time":"2021-01-26T16:32:55+00:00","twitter_card":"summary_large_image","schema":{"@context":"https:\/\/schema.org","@graph":[{"@type":"WebPage","@id":"https:\/\/winandken.es\/ca\/","url":"https:\/\/winandken.es\/ca\/","name":"WIN&KEN - Estudi de disseny gr\u00e0fic, amb m\u00e9s de 30 anys treballant com equip","isPartOf":{"@id":"https:\/\/winandken.es\/ca\/#website"},"datePublished":"2020-11-11T13:00:16+00:00","dateModified":"2021-01-26T16:32:55+00:00","description":"Estudi de disseny gr\u00e0fic de Barcelona. Creem, desenvolupem, dissenyem, produ\u00efm i cuidem cada detall en tota mena de materials visuals.","breadcrumb":{"@id":"https:\/\/winandken.es\/ca\/#breadcrumb"},"inLanguage":"ca","potentialAction":[{"@type":"ReadAction","target":["https:\/\/winandken.es\/ca\/"]}]},{"@type":"BreadcrumbList","@id":"https:\/\/winandken.es\/ca\/#breadcrumb","itemListElement":[{"@type":"ListItem","position":1,"name":"Portada","item":"https:\/\/winandken.es\/ca\/home\/"},{"@type":"ListItem","position":2,"name":"Home"}]},{"@type":"WebSite","@id":"https:\/\/winandken.es\/ca\/#website","url":"https:\/\/winandken.es\/ca\/","name":"WIN&KEN","description":"Estudi de disseny gr\u00e0fic, amb m\u00e9s de 30 anys treballant com equip","potentialAction":[{"@type":"SearchAction","target":{"@type":"EntryPoint","urlTemplate":"https:\/\/winandken.es\/ca\/?s={search_term_string}"},"query-input":{"@type":"PropertyValueSpecification","valueRequired":true,"valueName":"search_term_string"}}],"inLanguage":"ca"}]}},"_links":{"self":[{"href":"https:\/\/winandken.es\/ca\/wp-json\/wp\/v2\/pages\/198","targetHints":{"allow":["GET"]}}],"collection":[{"href":"https:\/\/winandken.es\/ca\/wp-json\/wp\/v2\/pages"}],"about":[{"href":"https:\/\/winandken.es\/ca\/wp-json\/wp\/v2\/types\/page"}],"author":[{"embeddable":true,"href":"https:\/\/winandken.es\/ca\/wp-json\/wp\/v2\/users\/1"}],"replies":[{"embeddable":true,"href":"https:\/\/winandken.es\/ca\/wp-json\/wp\/v2\/comments?post=198"}],"version-history":[{"count":2,"href":"https:\/\/winandken.es\/ca\/wp-json\/wp\/v2\/pages\/198\/revisions"}],"predecessor-version":[{"id":356,"href":"https:\/\/winandken.es\/ca\/wp-json\/wp\/v2\/pages\/198\/revisions\/356"}],"wp:attachment":[{"href":"https:\/\/winandken.es\/ca\/wp-json\/wp\/v2\/media?parent=198"}],"curies":[{"name":"wp","href":"https:\/\/api.w.org\/{rel}","templated":true}]}}